{"id":56056,"date":"2021-05-21T08:00:48","date_gmt":"2021-05-21T05:00:48","guid":{"rendered":"https:\/\/muija.fi\/?post_type=product&p=56056"},"modified":"2021-05-21T08:00:48","modified_gmt":"2021-05-21T05:00:48","slug":"marimekko-tablecloth-jaameri-140x140cm","status":"publish","type":"product","link":"https:\/\/muija.fi\/en\/product\/marimekko-tablecloth-jaameri-140x140cm\/","title":{"rendered":"Marimekko Tablecloth J\u00e4\u00e4meri 140x140cm"},"content":{"rendered":"<p>Marimekko Tablecloth J\u00e4\u00e4meri 140x140cm. One stain. Designer Fujiwo Ishimoto.<\/p>\n","protected":false},"excerpt":{"rendered":"<p>Marimekko Tablecloth J\u00e4\u00e4meri 140x140cm<\/p>\n","protected":false},"featured_media":55995,"comment_status":"closed","ping_status":"closed","template":"","meta":{"_et_pb_use_builder":"","_et_pb_old_content":"","_et_gb_content_width":""},"product_brand":[],"product_cat":[396],"product_tag":[],"class_list":{"0":"post-56056","1":"product","2":"type-product","3":"status-publish","4":"has-post-thumbnail","6":"product_cat-tableclothes","7":"product_shipping_class-pieni-en","8":"pa_brand-marimekko-en-2","9":"pa_designer-fujiwo-ishimoto-en","11":"first","12":"instock","13":"taxable","14":"shipping-taxable","15":"purchasable","16":"product-type-simple"},"_links":{"self":[{"href":"https:\/\/muija.fi\/en\/wp-json\/wp\/v2\/product\/56056","targetHints":{"allow":["GET"]}}],"collection":[{"href":"https:\/\/muija.fi\/en\/wp-json\/wp\/v2\/product"}],"about":[{"href":"https:\/\/muija.fi\/en\/wp-json\/wp\/v2\/types\/product"}],"replies":[{"embeddable":true,"href":"https:\/\/muija.fi\/en\/wp-json\/wp\/v2\/comments?post=56056"}],"wp:featuredmedia":[{"embeddable":true,"href":"https:\/\/muija.fi\/en\/wp-json\/wp\/v2\/media\/55995"}],"wp:attachment":[{"href":"https:\/\/muija.fi\/en\/wp-json\/wp\/v2\/media?parent=56056"}],"wp:term":[{"taxonomy":"product_brand","embeddable":true,"href":"https:\/\/muija.fi\/en\/wp-json\/wp\/v2\/product_brand?post=56056"},{"taxonomy":"product_cat","embeddable":true,"href":"https:\/\/muija.fi\/en\/wp-json\/wp\/v2\/product_cat?post=56056"},{"taxonomy":"product_tag","embeddable":true,"href":"https:\/\/muija.fi\/en\/wp-json\/wp\/v2\/product_tag?post=56056"}],"curies":[{"name":"wp","href":"https:\/\/api.w.org\/{rel}","templated":true}]}}