{"id":57786,"date":"2021-08-03T15:52:06","date_gmt":"2021-08-03T12:52:06","guid":{"rendered":"https:\/\/muija.fi\/?post_type=product&#038;p=57786"},"modified":"2021-08-03T15:54:14","modified_gmt":"2021-08-03T12:54:14","slug":"helja-liukko-sundstrom-baby","status":"publish","type":"product","link":"https:\/\/muija.fi\/en\/product\/helja-liukko-sundstrom-baby\/","title":{"rendered":"Helj\u00e4 Liukko-Sundstr\u00f6m Baby"},"content":{"rendered":"<p>Helj\u00e4 Liukko-Sundstr\u00f6m Baby. Wall plate 12x12cm. Made in 1996-99. Good condition.<\/p>\n","protected":false},"excerpt":{"rendered":"<p>Helj\u00e4 Liukko-Sundstr\u00f6m Baby<\/p>\n","protected":false},"featured_media":57784,"comment_status":"closed","ping_status":"closed","template":"","meta":{"_et_pb_use_builder":"","_et_pb_old_content":"","_et_gb_content_width":""},"product_brand":[],"product_cat":[392],"product_tag":[],"class_list":{"0":"post-57786","1":"product","2":"type-product","3":"status-publish","4":"has-post-thumbnail","6":"product_cat-other","7":"product_shipping_class-pieni-en","8":"pa_brand-arabia-en-2","10":"first","11":"instock","12":"taxable","13":"shipping-taxable","14":"purchasable","15":"product-type-simple"},"_links":{"self":[{"href":"https:\/\/muija.fi\/en\/wp-json\/wp\/v2\/product\/57786","targetHints":{"allow":["GET"]}}],"collection":[{"href":"https:\/\/muija.fi\/en\/wp-json\/wp\/v2\/product"}],"about":[{"href":"https:\/\/muija.fi\/en\/wp-json\/wp\/v2\/types\/product"}],"replies":[{"embeddable":true,"href":"https:\/\/muija.fi\/en\/wp-json\/wp\/v2\/comments?post=57786"}],"wp:featuredmedia":[{"embeddable":true,"href":"https:\/\/muija.fi\/en\/wp-json\/wp\/v2\/media\/57784"}],"wp:attachment":[{"href":"https:\/\/muija.fi\/en\/wp-json\/wp\/v2\/media?parent=57786"}],"wp:term":[{"taxonomy":"product_brand","embeddable":true,"href":"https:\/\/muija.fi\/en\/wp-json\/wp\/v2\/product_brand?post=57786"},{"taxonomy":"product_cat","embeddable":true,"href":"https:\/\/muija.fi\/en\/wp-json\/wp\/v2\/product_cat?post=57786"},{"taxonomy":"product_tag","embeddable":true,"href":"https:\/\/muija.fi\/en\/wp-json\/wp\/v2\/product_tag?post=57786"}],"curies":[{"name":"wp","href":"https:\/\/api.w.org\/{rel}","templated":true}]}}