{"id":60309,"date":"2021-09-25T09:19:20","date_gmt":"2021-09-25T06:19:20","guid":{"rendered":"https:\/\/muija.fi\/product\/helja-wallplate-young-maidens\/"},"modified":"2021-09-25T09:19:20","modified_gmt":"2021-09-25T06:19:20","slug":"helja-wallplate-young-maidens","status":"publish","type":"product","link":"https:\/\/muija.fi\/en\/product\/helja-wallplate-young-maidens\/","title":{"rendered":"Helj\u00e4 Wallplate Young maidens"},"content":{"rendered":"<p>Helj\u00e4 Liukko-Sundstr\u00f6m Wallplate Young maidens. Size 10x25cm. From 1993. Good condition.\u00a0<\/p>\n","protected":false},"excerpt":{"rendered":"<p>Helj\u00e4 Wallplate Young maidens<\/p>\n","protected":false},"featured_media":60306,"comment_status":"closed","ping_status":"closed","template":"","meta":{"_et_pb_use_builder":"","_et_pb_old_content":"","_et_gb_content_width":""},"product_brand":[],"product_cat":[392],"product_tag":[],"class_list":{"0":"post-60309","1":"product","2":"type-product","3":"status-publish","4":"has-post-thumbnail","6":"product_cat-other","7":"product_shipping_class-pieni-en","8":"pa_brand-arabia-en-2","10":"first","11":"instock","12":"taxable","13":"shipping-taxable","14":"purchasable","15":"product-type-simple"},"_links":{"self":[{"href":"https:\/\/muija.fi\/en\/wp-json\/wp\/v2\/product\/60309","targetHints":{"allow":["GET"]}}],"collection":[{"href":"https:\/\/muija.fi\/en\/wp-json\/wp\/v2\/product"}],"about":[{"href":"https:\/\/muija.fi\/en\/wp-json\/wp\/v2\/types\/product"}],"replies":[{"embeddable":true,"href":"https:\/\/muija.fi\/en\/wp-json\/wp\/v2\/comments?post=60309"}],"wp:featuredmedia":[{"embeddable":true,"href":"https:\/\/muija.fi\/en\/wp-json\/wp\/v2\/media\/60306"}],"wp:attachment":[{"href":"https:\/\/muija.fi\/en\/wp-json\/wp\/v2\/media?parent=60309"}],"wp:term":[{"taxonomy":"product_brand","embeddable":true,"href":"https:\/\/muija.fi\/en\/wp-json\/wp\/v2\/product_brand?post=60309"},{"taxonomy":"product_cat","embeddable":true,"href":"https:\/\/muija.fi\/en\/wp-json\/wp\/v2\/product_cat?post=60309"},{"taxonomy":"product_tag","embeddable":true,"href":"https:\/\/muija.fi\/en\/wp-json\/wp\/v2\/product_tag?post=60309"}],"curies":[{"name":"wp","href":"https:\/\/api.w.org\/{rel}","templated":true}]}}