{"id":60564,"date":"2021-09-30T10:25:19","date_gmt":"2021-09-30T07:25:19","guid":{"rendered":"https:\/\/muija.fi\/product\/helja-wall-plate-buttrfly-princess\/"},"modified":"2021-09-30T10:25:19","modified_gmt":"2021-09-30T07:25:19","slug":"helja-wall-plate-buttrfly-princess","status":"publish","type":"product","link":"https:\/\/muija.fi\/en\/product\/helja-wall-plate-buttrfly-princess\/","title":{"rendered":"Helj\u00e4 wall plate Buttrfly Princess"},"content":{"rendered":"<p>Helj\u00e4 Liukko-Sundstr\u00f6m wall plate Buttrfly Princess. Size 20x28cm. One tiny chip at the back.\u00a0<\/p>\n","protected":false},"excerpt":{"rendered":"<p>Helj\u00e4 wall plate Buttrfly Princess<\/p>\n","protected":false},"featured_media":60562,"comment_status":"closed","ping_status":"closed","template":"","meta":{"_et_pb_use_builder":"","_et_pb_old_content":"","_et_gb_content_width":""},"product_brand":[],"product_cat":[392],"product_tag":[],"class_list":{"0":"post-60564","1":"product","2":"type-product","3":"status-publish","4":"has-post-thumbnail","6":"product_cat-other","7":"product_shipping_class-pieni-en","8":"pa_brand-arabia-en-2","10":"first","11":"instock","12":"taxable","13":"shipping-taxable","14":"purchasable","15":"product-type-simple"},"_links":{"self":[{"href":"https:\/\/muija.fi\/en\/wp-json\/wp\/v2\/product\/60564","targetHints":{"allow":["GET"]}}],"collection":[{"href":"https:\/\/muija.fi\/en\/wp-json\/wp\/v2\/product"}],"about":[{"href":"https:\/\/muija.fi\/en\/wp-json\/wp\/v2\/types\/product"}],"replies":[{"embeddable":true,"href":"https:\/\/muija.fi\/en\/wp-json\/wp\/v2\/comments?post=60564"}],"wp:featuredmedia":[{"embeddable":true,"href":"https:\/\/muija.fi\/en\/wp-json\/wp\/v2\/media\/60562"}],"wp:attachment":[{"href":"https:\/\/muija.fi\/en\/wp-json\/wp\/v2\/media?parent=60564"}],"wp:term":[{"taxonomy":"product_brand","embeddable":true,"href":"https:\/\/muija.fi\/en\/wp-json\/wp\/v2\/product_brand?post=60564"},{"taxonomy":"product_cat","embeddable":true,"href":"https:\/\/muija.fi\/en\/wp-json\/wp\/v2\/product_cat?post=60564"},{"taxonomy":"product_tag","embeddable":true,"href":"https:\/\/muija.fi\/en\/wp-json\/wp\/v2\/product_tag?post=60564"}],"curies":[{"name":"wp","href":"https:\/\/api.w.org\/{rel}","templated":true}]}}