{"id":63425,"date":"2021-12-05T13:24:12","date_gmt":"2021-12-05T10:24:12","guid":{"rendered":"https:\/\/muija.fi\/product\/helja-wall-plate-spring-bouquet-1991\/"},"modified":"2021-12-05T13:24:12","modified_gmt":"2021-12-05T10:24:12","slug":"helja-wall-plate-spring-bouquet-1991","status":"publish","type":"product","link":"https:\/\/muija.fi\/en\/product\/helja-wall-plate-spring-bouquet-1991\/","title":{"rendered":"Helj\u00e4 wall plate Spring Bouquet 1991"},"content":{"rendered":"<p>Helj\u00e4 Liukko- Sundstr\u00f6m wall plate Spring Bouquet\u00a0 from 1991. Good condition. Made by Arabia.<\/p>\n<p>&nbsp;<\/p>\n","protected":false},"excerpt":{"rendered":"<p>Helj\u00e4 wall plate Spring Bouquet 1991<\/p>\n","protected":false},"featured_media":63422,"comment_status":"closed","ping_status":"closed","template":"","meta":{"_et_pb_use_builder":"","_et_pb_old_content":"","_et_gb_content_width":""},"product_brand":[],"product_cat":[392],"product_tag":[],"class_list":{"0":"post-63425","1":"product","2":"type-product","3":"status-publish","4":"has-post-thumbnail","6":"product_cat-other","7":"product_shipping_class-pieni-en","8":"pa_brand-arabia-en-2","10":"first","11":"instock","12":"taxable","13":"shipping-taxable","14":"purchasable","15":"product-type-simple"},"_links":{"self":[{"href":"https:\/\/muija.fi\/en\/wp-json\/wp\/v2\/product\/63425","targetHints":{"allow":["GET"]}}],"collection":[{"href":"https:\/\/muija.fi\/en\/wp-json\/wp\/v2\/product"}],"about":[{"href":"https:\/\/muija.fi\/en\/wp-json\/wp\/v2\/types\/product"}],"replies":[{"embeddable":true,"href":"https:\/\/muija.fi\/en\/wp-json\/wp\/v2\/comments?post=63425"}],"wp:featuredmedia":[{"embeddable":true,"href":"https:\/\/muija.fi\/en\/wp-json\/wp\/v2\/media\/63422"}],"wp:attachment":[{"href":"https:\/\/muija.fi\/en\/wp-json\/wp\/v2\/media?parent=63425"}],"wp:term":[{"taxonomy":"product_brand","embeddable":true,"href":"https:\/\/muija.fi\/en\/wp-json\/wp\/v2\/product_brand?post=63425"},{"taxonomy":"product_cat","embeddable":true,"href":"https:\/\/muija.fi\/en\/wp-json\/wp\/v2\/product_cat?post=63425"},{"taxonomy":"product_tag","embeddable":true,"href":"https:\/\/muija.fi\/en\/wp-json\/wp\/v2\/product_tag?post=63425"}],"curies":[{"name":"wp","href":"https:\/\/api.w.org\/{rel}","templated":true}]}}