{"id":65633,"date":"2022-01-07T16:56:34","date_gmt":"2022-01-07T13:56:34","guid":{"rendered":"https:\/\/muija.fi\/product\/kalevalakoru-hamalainen-juhlakoru-pendant\/"},"modified":"2022-01-07T16:56:34","modified_gmt":"2022-01-07T13:56:34","slug":"kalevalakoru-hamalainen-juhlakoru-pendant","status":"publish","type":"product","link":"https:\/\/muija.fi\/en\/product\/kalevalakoru-hamalainen-juhlakoru-pendant\/","title":{"rendered":"Kalevalakoru H\u00e4m\u00e4l\u00e4inen juhlakoru pendant"},"content":{"rendered":"<p>Kalevalakoru H\u00e4m\u00e4l\u00e4inen juhlakoru pendant. Chain 60cm, pendant 5&#215;1,8cm. Bronze, good condition.<\/p>\n","protected":false},"excerpt":{"rendered":"<p>Kalevalakoru H\u00e4m\u00e4l\u00e4inen juhlakoru pendant<\/p>\n","protected":false},"featured_media":65533,"comment_status":"closed","ping_status":"closed","template":"","meta":{"_et_pb_use_builder":"","_et_pb_old_content":"","_et_gb_content_width":""},"product_brand":[],"product_cat":[314],"product_tag":[],"class_list":{"0":"post-65633","1":"product","2":"type-product","3":"status-publish","4":"has-post-thumbnail","6":"product_cat-jewelry","7":"product_shipping_class-pieni-en","9":"first","10":"instock","11":"taxable","12":"shipping-taxable","13":"purchasable","14":"product-type-simple"},"_links":{"self":[{"href":"https:\/\/muija.fi\/en\/wp-json\/wp\/v2\/product\/65633","targetHints":{"allow":["GET"]}}],"collection":[{"href":"https:\/\/muija.fi\/en\/wp-json\/wp\/v2\/product"}],"about":[{"href":"https:\/\/muija.fi\/en\/wp-json\/wp\/v2\/types\/product"}],"replies":[{"embeddable":true,"href":"https:\/\/muija.fi\/en\/wp-json\/wp\/v2\/comments?post=65633"}],"wp:featuredmedia":[{"embeddable":true,"href":"https:\/\/muija.fi\/en\/wp-json\/wp\/v2\/media\/65533"}],"wp:attachment":[{"href":"https:\/\/muija.fi\/en\/wp-json\/wp\/v2\/media?parent=65633"}],"wp:term":[{"taxonomy":"product_brand","embeddable":true,"href":"https:\/\/muija.fi\/en\/wp-json\/wp\/v2\/product_brand?post=65633"},{"taxonomy":"product_cat","embeddable":true,"href":"https:\/\/muija.fi\/en\/wp-json\/wp\/v2\/product_cat?post=65633"},{"taxonomy":"product_tag","embeddable":true,"href":"https:\/\/muija.fi\/en\/wp-json\/wp\/v2\/product_tag?post=65633"}],"curies":[{"name":"wp","href":"https:\/\/api.w.org\/{rel}","templated":true}]}}