{"id":65651,"date":"2021-04-21T16:40:27","date_gmt":"2021-04-21T13:40:27","guid":{"rendered":"https:\/\/muija.fi\/product\/kalevalakoru-hirven\/"},"modified":"2021-04-21T16:40:27","modified_gmt":"2021-04-21T13:40:27","slug":"kalevalakoru-hirven","status":"publish","type":"product","link":"https:\/\/muija.fi\/en\/product\/kalevalakoru-hirven\/","title":{"rendered":"Kalevalakoru Hirvenp\u00e4\u00e4 necklace 44cm"},"content":{"rendered":"<p>Kalevalakoru Hirvenp\u00e4\u00e4 necklace 44cm, silver. Good condition. Stamps Kk 925, Y8= 2000. Weight 40g.<\/p>\n","protected":false},"excerpt":{"rendered":"<p>Kalevalakoru Hirvenp\u00e4\u00e4 necklace 44cm<\/p>\n","protected":false},"featured_media":54833,"comment_status":"closed","ping_status":"closed","template":"","meta":{"_et_pb_use_builder":"","_et_pb_old_content":"","_et_gb_content_width":""},"product_brand":[],"product_cat":[314],"product_tag":[],"class_list":{"0":"post-65651","1":"product","2":"type-product","3":"status-publish","4":"has-post-thumbnail","6":"product_cat-jewelry","7":"product_shipping_class-pieni-en","9":"first","10":"instock","11":"sale","12":"taxable","13":"shipping-taxable","14":"purchasable","15":"product-type-simple"},"_links":{"self":[{"href":"https:\/\/muija.fi\/en\/wp-json\/wp\/v2\/product\/65651","targetHints":{"allow":["GET"]}}],"collection":[{"href":"https:\/\/muija.fi\/en\/wp-json\/wp\/v2\/product"}],"about":[{"href":"https:\/\/muija.fi\/en\/wp-json\/wp\/v2\/types\/product"}],"replies":[{"embeddable":true,"href":"https:\/\/muija.fi\/en\/wp-json\/wp\/v2\/comments?post=65651"}],"wp:featuredmedia":[{"embeddable":true,"href":"https:\/\/muija.fi\/en\/wp-json\/wp\/v2\/media\/54833"}],"wp:attachment":[{"href":"https:\/\/muija.fi\/en\/wp-json\/wp\/v2\/media?parent=65651"}],"wp:term":[{"taxonomy":"product_brand","embeddable":true,"href":"https:\/\/muija.fi\/en\/wp-json\/wp\/v2\/product_brand?post=65651"},{"taxonomy":"product_cat","embeddable":true,"href":"https:\/\/muija.fi\/en\/wp-json\/wp\/v2\/product_cat?post=65651"},{"taxonomy":"product_tag","embeddable":true,"href":"https:\/\/muija.fi\/en\/wp-json\/wp\/v2\/product_tag?post=65651"}],"curies":[{"name":"wp","href":"https:\/\/api.w.org\/{rel}","templated":true}]}}