{"id":73760,"date":"2022-07-29T09:27:57","date_gmt":"2022-07-29T06:28:01","guid":{"rendered":"https:\/\/muija.fi\/?post_type=product&#038;p=73760"},"modified":"2022-07-29T09:28:53","modified_gmt":"2022-07-29T06:28:53","slug":"helja-wallplate-ihmiselta-ihmiselle-kopio-2","status":"publish","type":"product","link":"https:\/\/muija.fi\/en\/product\/helja-wallplate-ihmiselta-ihmiselle-kopio-2\/","title":{"rendered":"Helj\u00e4 Wallplate  Ihmiselt\u00e4 Ihmiselle"},"content":{"rendered":"<p>Helj\u00e4 Wallplate special edition Ihmiselt\u00e4 Ihmiselle. Made for Posti. Size 18,5&#215;35,5cm. Good condition.<\/p>\n","protected":false},"excerpt":{"rendered":"<p>Helj\u00e4 Wallplate special edition Ihmiselt\u00e4 Ihmiselle<\/p>\n","protected":false},"featured_media":73758,"comment_status":"closed","ping_status":"closed","template":"","meta":{"_et_pb_use_builder":"","_et_pb_old_content":"","_et_gb_content_width":""},"product_brand":[],"product_cat":[385,392],"product_tag":[],"class_list":{"0":"post-73760","1":"product","2":"type-product","3":"status-publish","4":"has-post-thumbnail","6":"product_cat-other-dishware","7":"product_cat-other","8":"product_shipping_class-pieni-en","9":"pa_brand-arabia-en-2","11":"first","12":"instock","13":"taxable","14":"shipping-taxable","15":"purchasable","16":"product-type-simple"},"_links":{"self":[{"href":"https:\/\/muija.fi\/en\/wp-json\/wp\/v2\/product\/73760","targetHints":{"allow":["GET"]}}],"collection":[{"href":"https:\/\/muija.fi\/en\/wp-json\/wp\/v2\/product"}],"about":[{"href":"https:\/\/muija.fi\/en\/wp-json\/wp\/v2\/types\/product"}],"replies":[{"embeddable":true,"href":"https:\/\/muija.fi\/en\/wp-json\/wp\/v2\/comments?post=73760"}],"wp:featuredmedia":[{"embeddable":true,"href":"https:\/\/muija.fi\/en\/wp-json\/wp\/v2\/media\/73758"}],"wp:attachment":[{"href":"https:\/\/muija.fi\/en\/wp-json\/wp\/v2\/media?parent=73760"}],"wp:term":[{"taxonomy":"product_brand","embeddable":true,"href":"https:\/\/muija.fi\/en\/wp-json\/wp\/v2\/product_brand?post=73760"},{"taxonomy":"product_cat","embeddable":true,"href":"https:\/\/muija.fi\/en\/wp-json\/wp\/v2\/product_cat?post=73760"},{"taxonomy":"product_tag","embeddable":true,"href":"https:\/\/muija.fi\/en\/wp-json\/wp\/v2\/product_tag?post=73760"}],"curies":[{"name":"wp","href":"https:\/\/api.w.org\/{rel}","templated":true}]}}