{"id":76710,"date":"2022-09-15T16:50:01","date_gmt":"2022-09-15T13:50:01","guid":{"rendered":"https:\/\/muija.fi\/product\/helja-plate-salad-in-the-making-255cm\/"},"modified":"2022-09-15T16:50:01","modified_gmt":"2022-09-15T13:50:01","slug":"helja-plate-salad-in-the-making-255cm","status":"publish","type":"product","link":"https:\/\/muija.fi\/en\/product\/helja-plate-salad-in-the-making-255cm\/","title":{"rendered":"Helj\u00e4 Plate Salad in the Making 25,5cm"},"content":{"rendered":"<p>Arabia Helj\u00e4 Liukko-Sundstr\u00f6m\u00a0 Plate Salad in the Making 25,5cm. Good condition.<\/p>\n","protected":false},"excerpt":{"rendered":"<p>Helj\u00e4 Plate Salad in the Making 25,5cm<\/p>\n","protected":false},"featured_media":76703,"comment_status":"closed","ping_status":"closed","template":"","meta":{"_et_pb_use_builder":"","_et_pb_old_content":"","_et_gb_content_width":""},"product_brand":[],"product_cat":[383],"product_tag":[],"class_list":{"0":"post-76710","1":"product","2":"type-product","3":"status-publish","4":"has-post-thumbnail","6":"product_cat-plates","7":"product_shipping_class-keskikokoinen-en","8":"pa_brand-arabia-en-2","10":"first","11":"instock","12":"taxable","13":"shipping-taxable","14":"purchasable","15":"product-type-simple"},"_links":{"self":[{"href":"https:\/\/muija.fi\/en\/wp-json\/wp\/v2\/product\/76710","targetHints":{"allow":["GET"]}}],"collection":[{"href":"https:\/\/muija.fi\/en\/wp-json\/wp\/v2\/product"}],"about":[{"href":"https:\/\/muija.fi\/en\/wp-json\/wp\/v2\/types\/product"}],"replies":[{"embeddable":true,"href":"https:\/\/muija.fi\/en\/wp-json\/wp\/v2\/comments?post=76710"}],"wp:featuredmedia":[{"embeddable":true,"href":"https:\/\/muija.fi\/en\/wp-json\/wp\/v2\/media\/76703"}],"wp:attachment":[{"href":"https:\/\/muija.fi\/en\/wp-json\/wp\/v2\/media?parent=76710"}],"wp:term":[{"taxonomy":"product_brand","embeddable":true,"href":"https:\/\/muija.fi\/en\/wp-json\/wp\/v2\/product_brand?post=76710"},{"taxonomy":"product_cat","embeddable":true,"href":"https:\/\/muija.fi\/en\/wp-json\/wp\/v2\/product_cat?post=76710"},{"taxonomy":"product_tag","embeddable":true,"href":"https:\/\/muija.fi\/en\/wp-json\/wp\/v2\/product_tag?post=76710"}],"curies":[{"name":"wp","href":"https:\/\/api.w.org\/{rel}","templated":true}]}}