{"id":82741,"date":"2023-02-06T12:27:09","date_gmt":"2023-02-06T09:27:11","guid":{"rendered":"https:\/\/muija.fi\/?post_type=product&#038;p=82741"},"modified":"2023-02-06T12:28:59","modified_gmt":"2023-02-06T09:28:59","slug":"arabia-kookki-shaker-8cm-kopio-2","status":"publish","type":"product","link":"https:\/\/muija.fi\/en\/product\/arabia-kookki-shaker-8cm-kopio-2\/","title":{"rendered":"Arabia K\u00f6\u00f6kki Shaker 6cm"},"content":{"rendered":"<p>Arabia K\u00f6\u00f6kki Shaker 6cm. Good condition, no bottom stopper. Designer Gunvor Olin-Gr\u00f6nqvist.<\/p>\n","protected":false},"excerpt":{"rendered":"<p>Arabia K\u00f6\u00f6kki Shaker 6cm<\/p>\n","protected":false},"featured_media":82722,"comment_status":"closed","ping_status":"closed","template":"","meta":{"_et_pb_use_builder":"","_et_pb_old_content":"","_et_gb_content_width":""},"product_brand":[],"product_cat":[385],"product_tag":[],"class_list":{"0":"post-82741","1":"product","2":"type-product","3":"status-publish","4":"has-post-thumbnail","6":"product_cat-other-dishware","7":"product_shipping_class-keskikokoinen-en","8":"pa_brand-arabia-en-2","10":"first","11":"outofstock","12":"taxable","13":"shipping-taxable","14":"purchasable","15":"product-type-simple"},"_links":{"self":[{"href":"https:\/\/muija.fi\/en\/wp-json\/wp\/v2\/product\/82741","targetHints":{"allow":["GET"]}}],"collection":[{"href":"https:\/\/muija.fi\/en\/wp-json\/wp\/v2\/product"}],"about":[{"href":"https:\/\/muija.fi\/en\/wp-json\/wp\/v2\/types\/product"}],"replies":[{"embeddable":true,"href":"https:\/\/muija.fi\/en\/wp-json\/wp\/v2\/comments?post=82741"}],"wp:featuredmedia":[{"embeddable":true,"href":"https:\/\/muija.fi\/en\/wp-json\/wp\/v2\/media\/82722"}],"wp:attachment":[{"href":"https:\/\/muija.fi\/en\/wp-json\/wp\/v2\/media?parent=82741"}],"wp:term":[{"taxonomy":"product_brand","embeddable":true,"href":"https:\/\/muija.fi\/en\/wp-json\/wp\/v2\/product_brand?post=82741"},{"taxonomy":"product_cat","embeddable":true,"href":"https:\/\/muija.fi\/en\/wp-json\/wp\/v2\/product_cat?post=82741"},{"taxonomy":"product_tag","embeddable":true,"href":"https:\/\/muija.fi\/en\/wp-json\/wp\/v2\/product_tag?post=82741"}],"curies":[{"name":"wp","href":"https:\/\/api.w.org\/{rel}","templated":true}]}}