{"id":85195,"date":"2023-03-29T13:18:53","date_gmt":"2023-03-29T10:18:53","guid":{"rendered":"https:\/\/muija.fi\/product\/helja-wall-plate-seascape-12cm\/"},"modified":"2023-03-29T13:18:53","modified_gmt":"2023-03-29T10:18:53","slug":"helja-wall-plate-seascape-12cm","status":"publish","type":"product","link":"https:\/\/muija.fi\/en\/product\/helja-wall-plate-seascape-12cm\/","title":{"rendered":"Helj\u00e4 Wall plate Seascape 12cm"},"content":{"rendered":"<p>Helj\u00e4 Liukko-Sundstr\u00f6m Wall plate Seascape 12cm. Good condition.\u00a0 From 1992.<\/p>\n","protected":false},"excerpt":{"rendered":"<p>Helj\u00e4 Wall plate Seascape 12cm<\/p>\n","protected":false},"featured_media":85192,"comment_status":"closed","ping_status":"closed","template":"","meta":{"_et_pb_use_builder":"","_et_pb_old_content":"","_et_gb_content_width":""},"product_brand":[],"product_cat":[383,392],"product_tag":[],"class_list":{"0":"post-85195","1":"product","2":"type-product","3":"status-publish","4":"has-post-thumbnail","6":"product_cat-plates","7":"product_cat-other","8":"product_shipping_class-pieni-en","9":"pa_brand-arabia-en-2","11":"first","12":"instock","13":"sale","14":"taxable","15":"shipping-taxable","16":"purchasable","17":"product-type-simple"},"_links":{"self":[{"href":"https:\/\/muija.fi\/en\/wp-json\/wp\/v2\/product\/85195","targetHints":{"allow":["GET"]}}],"collection":[{"href":"https:\/\/muija.fi\/en\/wp-json\/wp\/v2\/product"}],"about":[{"href":"https:\/\/muija.fi\/en\/wp-json\/wp\/v2\/types\/product"}],"replies":[{"embeddable":true,"href":"https:\/\/muija.fi\/en\/wp-json\/wp\/v2\/comments?post=85195"}],"wp:featuredmedia":[{"embeddable":true,"href":"https:\/\/muija.fi\/en\/wp-json\/wp\/v2\/media\/85192"}],"wp:attachment":[{"href":"https:\/\/muija.fi\/en\/wp-json\/wp\/v2\/media?parent=85195"}],"wp:term":[{"taxonomy":"product_brand","embeddable":true,"href":"https:\/\/muija.fi\/en\/wp-json\/wp\/v2\/product_brand?post=85195"},{"taxonomy":"product_cat","embeddable":true,"href":"https:\/\/muija.fi\/en\/wp-json\/wp\/v2\/product_cat?post=85195"},{"taxonomy":"product_tag","embeddable":true,"href":"https:\/\/muija.fi\/en\/wp-json\/wp\/v2\/product_tag?post=85195"}],"curies":[{"name":"wp","href":"https:\/\/api.w.org\/{rel}","templated":true}]}}