{"id":91592,"date":"2023-09-05T10:04:42","date_gmt":"2023-09-05T07:04:42","guid":{"rendered":"https:\/\/muija.fi\/product\/kalevalakoru-cross-from-raisala-73cm-bronze\/"},"modified":"2023-09-05T10:04:42","modified_gmt":"2023-09-05T07:04:42","slug":"kalevalakoru-cross-from-raisala-73cm-bronze","status":"publish","type":"product","link":"https:\/\/muija.fi\/en\/product\/kalevalakoru-cross-from-raisala-73cm-bronze\/","title":{"rendered":"Kalevalakoru Cross from R\u00e4is\u00e4l\u00e4 73cm Bronze"},"content":{"rendered":"<p>Kalevalakoru Cross from R\u00e4is\u00e4l\u00e4, chain 73cm Bronze. Pendant size 55x55mm. Good condition, little wear.<\/p>\n","protected":false},"excerpt":{"rendered":"<p>Kalevalakoru Cross from R\u00e4is\u00e4l\u00e4 73cm Bronze<\/p>\n","protected":false},"featured_media":91587,"comment_status":"closed","ping_status":"closed","template":"","meta":{"_et_pb_use_builder":"","_et_pb_old_content":"","_et_gb_content_width":""},"product_brand":[],"product_cat":[314],"product_tag":[],"class_list":{"0":"post-91592","1":"product","2":"type-product","3":"status-publish","4":"has-post-thumbnail","6":"product_cat-jewelry","7":"product_shipping_class-pieni-en","9":"first","10":"instock","11":"taxable","12":"shipping-taxable","13":"purchasable","14":"product-type-simple"},"_links":{"self":[{"href":"https:\/\/muija.fi\/en\/wp-json\/wp\/v2\/product\/91592","targetHints":{"allow":["GET"]}}],"collection":[{"href":"https:\/\/muija.fi\/en\/wp-json\/wp\/v2\/product"}],"about":[{"href":"https:\/\/muija.fi\/en\/wp-json\/wp\/v2\/types\/product"}],"replies":[{"embeddable":true,"href":"https:\/\/muija.fi\/en\/wp-json\/wp\/v2\/comments?post=91592"}],"wp:featuredmedia":[{"embeddable":true,"href":"https:\/\/muija.fi\/en\/wp-json\/wp\/v2\/media\/91587"}],"wp:attachment":[{"href":"https:\/\/muija.fi\/en\/wp-json\/wp\/v2\/media?parent=91592"}],"wp:term":[{"taxonomy":"product_brand","embeddable":true,"href":"https:\/\/muija.fi\/en\/wp-json\/wp\/v2\/product_brand?post=91592"},{"taxonomy":"product_cat","embeddable":true,"href":"https:\/\/muija.fi\/en\/wp-json\/wp\/v2\/product_cat?post=91592"},{"taxonomy":"product_tag","embeddable":true,"href":"https:\/\/muija.fi\/en\/wp-json\/wp\/v2\/product_tag?post=91592"}],"curies":[{"name":"wp","href":"https:\/\/api.w.org\/{rel}","templated":true}]}}