{"id":97581,"date":"2023-12-13T16:39:00","date_gmt":"2023-12-13T13:39:00","guid":{"rendered":"https:\/\/muija.fi\/product\/wartsila-vase-205cm-pertti-santalahti\/"},"modified":"2023-12-13T16:39:00","modified_gmt":"2023-12-13T13:39:00","slug":"wartsila-vase-205cm-pertti-santalahti","status":"publish","type":"product","link":"https:\/\/muija.fi\/en\/product\/wartsila-vase-205cm-pertti-santalahti\/","title":{"rendered":"W\u00e4rtsil\u00e4 Vase 20,5cm Pertti Santalahti"},"content":{"rendered":"<p>W\u00e4rtsil\u00e4 Vase 20,5cm Pertti Santalahti. Siver stamped in 1971. Made by Nuutaj\u00e4rvi. Good condition.<\/p>\n","protected":false},"excerpt":{"rendered":"<p>W\u00e4rtsil\u00e4 Vase 20,5cm Pertti Santalahti<\/p>\n","protected":false},"featured_media":97575,"comment_status":"closed","ping_status":"closed","template":"","meta":{"_et_pb_use_builder":"","_et_pb_old_content":"","_et_gb_content_width":""},"product_brand":[],"product_cat":[385],"product_tag":[],"class_list":{"0":"post-97581","1":"product","2":"type-product","3":"status-publish","4":"has-post-thumbnail","6":"product_cat-other-dishware","7":"product_shipping_class-keskikokoinen-en","8":"pa_brand-nuutajarvi-en","9":"pa_designer-pertti-santalahti-en","11":"first","12":"instock","13":"taxable","14":"shipping-taxable","15":"purchasable","16":"product-type-simple"},"_links":{"self":[{"href":"https:\/\/muija.fi\/en\/wp-json\/wp\/v2\/product\/97581","targetHints":{"allow":["GET"]}}],"collection":[{"href":"https:\/\/muija.fi\/en\/wp-json\/wp\/v2\/product"}],"about":[{"href":"https:\/\/muija.fi\/en\/wp-json\/wp\/v2\/types\/product"}],"replies":[{"embeddable":true,"href":"https:\/\/muija.fi\/en\/wp-json\/wp\/v2\/comments?post=97581"}],"wp:featuredmedia":[{"embeddable":true,"href":"https:\/\/muija.fi\/en\/wp-json\/wp\/v2\/media\/97575"}],"wp:attachment":[{"href":"https:\/\/muija.fi\/en\/wp-json\/wp\/v2\/media?parent=97581"}],"wp:term":[{"taxonomy":"product_brand","embeddable":true,"href":"https:\/\/muija.fi\/en\/wp-json\/wp\/v2\/product_brand?post=97581"},{"taxonomy":"product_cat","embeddable":true,"href":"https:\/\/muija.fi\/en\/wp-json\/wp\/v2\/product_cat?post=97581"},{"taxonomy":"product_tag","embeddable":true,"href":"https:\/\/muija.fi\/en\/wp-json\/wp\/v2\/product_tag?post=97581"}],"curies":[{"name":"wp","href":"https:\/\/api.w.org\/{rel}","templated":true}]}}