{"id":97712,"date":"2023-12-15T12:58:35","date_gmt":"2023-12-15T09:58:35","guid":{"rendered":"https:\/\/muija.fi\/product\/nuutajarven-lasi-vase-unto-suominen-23cm\/"},"modified":"2023-12-15T12:58:35","modified_gmt":"2023-12-15T09:58:35","slug":"nuutajarven-lasi-vase-unto-suominen-23cm","status":"publish","type":"product","link":"https:\/\/muija.fi\/en\/product\/nuutajarven-lasi-vase-unto-suominen-23cm\/","title":{"rendered":"Nuutaj\u00e4rven lasi Vase Unto Suominen 23cm"},"content":{"rendered":"<p>Nuutaj\u00e4rven lasi Vase Unto Suominen 23cm. Good condition, little sign of use is possible. Signed U.S. Nuutaj\u00e4rvi Notsj\u00f6 -61.<\/p>\n","protected":false},"excerpt":{"rendered":"<p>Nuutaj\u00e4rven lasi Vase Unto Suominen 23cm<\/p>\n","protected":false},"featured_media":97699,"comment_status":"closed","ping_status":"closed","template":"","meta":{"_et_pb_use_builder":"","_et_pb_old_content":"","_et_gb_content_width":""},"product_brand":[],"product_cat":[384],"product_tag":[],"class_list":{"0":"post-97712","1":"product","2":"type-product","3":"status-publish","4":"has-post-thumbnail","6":"product_cat-moomin-dishware","7":"product_shipping_class-keskikokoinen-en","8":"pa_brand-nuutajarvi-en","10":"first","11":"instock","12":"taxable","13":"shipping-taxable","14":"purchasable","15":"product-type-simple"},"_links":{"self":[{"href":"https:\/\/muija.fi\/en\/wp-json\/wp\/v2\/product\/97712","targetHints":{"allow":["GET"]}}],"collection":[{"href":"https:\/\/muija.fi\/en\/wp-json\/wp\/v2\/product"}],"about":[{"href":"https:\/\/muija.fi\/en\/wp-json\/wp\/v2\/types\/product"}],"replies":[{"embeddable":true,"href":"https:\/\/muija.fi\/en\/wp-json\/wp\/v2\/comments?post=97712"}],"wp:featuredmedia":[{"embeddable":true,"href":"https:\/\/muija.fi\/en\/wp-json\/wp\/v2\/media\/97699"}],"wp:attachment":[{"href":"https:\/\/muija.fi\/en\/wp-json\/wp\/v2\/media?parent=97712"}],"wp:term":[{"taxonomy":"product_brand","embeddable":true,"href":"https:\/\/muija.fi\/en\/wp-json\/wp\/v2\/product_brand?post=97712"},{"taxonomy":"product_cat","embeddable":true,"href":"https:\/\/muija.fi\/en\/wp-json\/wp\/v2\/product_cat?post=97712"},{"taxonomy":"product_tag","embeddable":true,"href":"https:\/\/muija.fi\/en\/wp-json\/wp\/v2\/product_tag?post=97712"}],"curies":[{"name":"wp","href":"https:\/\/api.w.org\/{rel}","templated":true}]}}