{"id":98197,"date":"2023-12-22T12:44:51","date_gmt":"2023-12-22T09:44:51","guid":{"rendered":"https:\/\/muija.fi\/product\/kalevalakoru-hirvenpaa-pendandt-silver-45mm\/"},"modified":"2023-12-22T12:44:51","modified_gmt":"2023-12-22T09:44:51","slug":"kalevalakoru-hirvenpaa-pendandt-silver-45mm","status":"publish","type":"product","link":"https:\/\/muija.fi\/en\/product\/kalevalakoru-hirvenpaa-pendandt-silver-45mm\/","title":{"rendered":"Kalevalakoru Hirvenp\u00e4\u00e4 Pendandt Silver 45mm"},"content":{"rendered":"<p>Kalevalakoru Hirvenp\u00e4\u00e4 Pendandt Silver 45mm. Chain 45\/48cm. Good condition.\u00a0<\/p>\n","protected":false},"excerpt":{"rendered":"<p>Kalevalakoru Hirvenp\u00e4\u00e4 Pendandt Silver 45mm<\/p>\n","protected":false},"featured_media":98186,"comment_status":"closed","ping_status":"closed","template":"","meta":{"_et_pb_use_builder":"","_et_pb_old_content":"","_et_gb_content_width":""},"product_brand":[],"product_cat":[314],"product_tag":[],"class_list":{"0":"post-98197","1":"product","2":"type-product","3":"status-publish","4":"has-post-thumbnail","6":"product_cat-jewelry","7":"product_shipping_class-pieni-en","9":"first","10":"instock","11":"taxable","12":"shipping-taxable","13":"purchasable","14":"product-type-simple"},"_links":{"self":[{"href":"https:\/\/muija.fi\/en\/wp-json\/wp\/v2\/product\/98197","targetHints":{"allow":["GET"]}}],"collection":[{"href":"https:\/\/muija.fi\/en\/wp-json\/wp\/v2\/product"}],"about":[{"href":"https:\/\/muija.fi\/en\/wp-json\/wp\/v2\/types\/product"}],"replies":[{"embeddable":true,"href":"https:\/\/muija.fi\/en\/wp-json\/wp\/v2\/comments?post=98197"}],"wp:featuredmedia":[{"embeddable":true,"href":"https:\/\/muija.fi\/en\/wp-json\/wp\/v2\/media\/98186"}],"wp:attachment":[{"href":"https:\/\/muija.fi\/en\/wp-json\/wp\/v2\/media?parent=98197"}],"wp:term":[{"taxonomy":"product_brand","embeddable":true,"href":"https:\/\/muija.fi\/en\/wp-json\/wp\/v2\/product_brand?post=98197"},{"taxonomy":"product_cat","embeddable":true,"href":"https:\/\/muija.fi\/en\/wp-json\/wp\/v2\/product_cat?post=98197"},{"taxonomy":"product_tag","embeddable":true,"href":"https:\/\/muija.fi\/en\/wp-json\/wp\/v2\/product_tag?post=98197"}],"curies":[{"name":"wp","href":"https:\/\/api.w.org\/{rel}","templated":true}]}}